{"id":5011,"date":"2024-11-24T19:31:12","date_gmt":"2024-11-24T19:31:12","guid":{"rendered":"https:\/\/revistaargo.mmb.cat\/equipo\/"},"modified":"2025-12-10T11:01:49","modified_gmt":"2025-12-10T11:01:49","slug":"equipo","status":"publish","type":"page","link":"https:\/\/revistaargo.mmb.cat\/es\/equipo\/","title":{"rendered":"Equipo"},"content":{"rendered":"\t\t<div data-elementor-type=\"wp-page\" data-elementor-id=\"5011\" class=\"elementor elementor-5011 elementor-308\" data-elementor-post-type=\"page\">\n\t\t\t\t<div class=\"elementor-element elementor-element-3c5a645 e-con-full e-flex e-con e-parent\" data-id=\"3c5a645\" data-element_type=\"container\" data-e-type=\"container\" data-settings=\"{&quot;background_background&quot;:&quot;classic&quot;}\">\n\t\t\t\t<div class=\"elementor-element elementor-element-43840eb elementor-widget-divider--view-line_text elementor-widget__width-inherit animated-slow elementor-widget-divider--element-align-center elementor-invisible elementor-widget elementor-widget-divider\" data-id=\"43840eb\" data-element_type=\"widget\" data-e-type=\"widget\" data-settings=\"{&quot;_animation&quot;:&quot;fadeIn&quot;}\" data-widget_type=\"divider.default\">\n\t\t\t\t<div class=\"elementor-widget-container\">\n\t\t\t\t\t\t\t<div class=\"elementor-divider\">\n\t\t\t<span class=\"elementor-divider-separator\">\n\t\t\t\t\t\t\t<h1 class=\"elementor-divider__text elementor-divider__element\">\n\t\t\t\tEquipo\t\t\t\t<\/h1>\n\t\t\t\t\t\t<\/span>\n\t\t<\/div>\n\t\t\t\t\t\t<\/div>\n\t\t\t\t<\/div>\n\t\t\t\t<\/div>\n\t\t<div class=\"elementor-element elementor-element-071e58d e-flex e-con-boxed e-con e-parent\" data-id=\"071e58d\" data-element_type=\"container\" data-e-type=\"container\" data-settings=\"{&quot;background_background&quot;:&quot;classic&quot;,&quot;animation&quot;:&quot;none&quot;}\">\n\t\t\t\t\t<div class=\"e-con-inner\">\n\t\t\t\t<div class=\"elementor-element elementor-element-572a93c elementor-invisible elementor-widget elementor-widget-image\" data-id=\"572a93c\" data-element_type=\"widget\" data-e-type=\"widget\" data-settings=\"{&quot;_animation&quot;:&quot;zoomIn&quot;}\" data-widget_type=\"image.default\">\n\t\t\t\t<div class=\"elementor-widget-container\">\n\t\t\t\t\t\t\t\t\t\t\t\t\t\t\t\t<a href=\"http:\/\/www.mmb.cat\" target=\"_blank\" rel=\"nofollow noopener\">\n\t\t\t\t\t\t\t<img decoding=\"async\" width=\"300\" height=\"47\" src=\"https:\/\/revistaargo.mmb.cat\/wp-content\/uploads\/2024\/12\/logo_mmb-300x47.png\" class=\"attachment-medium size-medium wp-image-987\" alt=\"\" srcset=\"https:\/\/revistaargo.mmb.cat\/wp-content\/uploads\/2024\/12\/logo_mmb-300x47.png 300w, https:\/\/revistaargo.mmb.cat\/wp-content\/uploads\/2024\/12\/logo_mmb-768x120.png 768w, https:\/\/revistaargo.mmb.cat\/wp-content\/uploads\/2024\/12\/logo_mmb.png 1024w\" sizes=\"(max-width: 300px) 100vw, 300px\" \/>\t\t\t\t\t\t\t\t<\/a>\n\t\t\t\t\t\t\t\t\t\t\t\t\t\t\t<\/div>\n\t\t\t\t<\/div>\n\t\t\t\t<div class=\"elementor-element elementor-element-dfc4d12 elementor-invisible elementor-widget elementor-widget-text-editor\" data-id=\"dfc4d12\" data-element_type=\"widget\" data-e-type=\"widget\" data-settings=\"{&quot;_animation&quot;:&quot;fadeInUp&quot;}\" data-widget_type=\"text-editor.default\">\n\t\t\t\t<div class=\"elementor-widget-container\">\n\t\t\t\t\t\t\t\t\t<p><strong>Consejo editorial:<\/strong> Enric Garcia, Silvia Dahl, Gemma Figueras y Jordi Garriga<\/p><p><strong>Direcci\u00f3n:<\/strong> Enric Garcia<\/p><p><strong>Coordinaci\u00f3n:<\/strong> Silvia Dahl y Jordi Garriga<\/p><p><b>Edici\u00f3n<\/b> : Gemma Figueras y Jordi Garriga<\/p><p><b>Dise\u00f1o original<\/b>: Museu Mar\u00edtim de Barcelona e IDA Social Media Networking<\/p><p><b>Contenidos<\/b> : Equipo digital Abacus<\/p><p><b>Desarrollo Web<\/b> : IDA Social Media Networking<\/p><p><b>Publicidad<\/b> : <a href=\"mailto:revistaargo@mmb.cat\" target=\"_blank\" rel=\"nofollow noopener\">revistaargo@mmb.cat<\/a><\/p>\t\t\t\t\t\t\t\t<\/div>\n\t\t\t\t<\/div>\n\t\t\t\t<div class=\"elementor-element elementor-element-2b728b9 elementor-invisible elementor-widget elementor-widget-text-editor\" data-id=\"2b728b9\" data-element_type=\"widget\" data-e-type=\"widget\" data-settings=\"{&quot;_animation&quot;:&quot;zoomIn&quot;}\" data-widget_type=\"text-editor.default\">\n\t\t\t\t<div class=\"elementor-widget-container\">\n\t\t\t\t\t\t\t\t\t<p>Dep\u00f3sito legal: B-32151-2008<br> ISSN: 2013-0961<\/p>\t\t\t\t\t\t\t\t<\/div>\n\t\t\t\t<\/div>\n\t\t\t\t\t<\/div>\n\t\t\t\t<\/div>\n\t\t\t\t<\/div>\n\t\t","protected":false},"excerpt":{"rendered":"<p>Equipo Consejo editorial: Enric Garcia, Silvia Dahl, Gemma Figueras y Jordi Garriga Direcci\u00f3n: Enric Garcia Coordinaci\u00f3n: Silvia Dahl y Jordi Garriga Edici\u00f3n : Gemma Figueras y Jordi Garriga Dise\u00f1o original: Museu Mar\u00edtim de Barcelona e IDA Social Media Networking Contenidos : Equipo digital Abacus Desarrollo Web : IDA Social Media Networking Publicidad : revistaargo@mmb.cat Dep\u00f3sito &#8230; <a title=\"Equipo\" class=\"read-more\" href=\"https:\/\/revistaargo.mmb.cat\/es\/equipo\/\" aria-label=\"Leer m\u00e1s sobre Equipo\">Leer m\u00e1s<\/a><\/p>\n","protected":false},"author":1,"featured_media":6085,"parent":0,"menu_order":0,"comment_status":"closed","ping_status":"closed","template":"elementor_header_footer","meta":{"_acf_changed":false,"ngg_post_thumbnail":0,"footnotes":""},"class_list":["post-5011","page","type-page","status-publish","has-post-thumbnail"],"acf":[],"_links":{"self":[{"href":"https:\/\/revistaargo.mmb.cat\/es\/wp-json\/wp\/v2\/pages\/5011","targetHints":{"allow":["GET"]}}],"collection":[{"href":"https:\/\/revistaargo.mmb.cat\/es\/wp-json\/wp\/v2\/pages"}],"about":[{"href":"https:\/\/revistaargo.mmb.cat\/es\/wp-json\/wp\/v2\/types\/page"}],"author":[{"embeddable":true,"href":"https:\/\/revistaargo.mmb.cat\/es\/wp-json\/wp\/v2\/users\/1"}],"replies":[{"embeddable":true,"href":"https:\/\/revistaargo.mmb.cat\/es\/wp-json\/wp\/v2\/comments?post=5011"}],"version-history":[{"count":2,"href":"https:\/\/revistaargo.mmb.cat\/es\/wp-json\/wp\/v2\/pages\/5011\/revisions"}],"predecessor-version":[{"id":6078,"href":"https:\/\/revistaargo.mmb.cat\/es\/wp-json\/wp\/v2\/pages\/5011\/revisions\/6078"}],"wp:featuredmedia":[{"embeddable":true,"href":"https:\/\/revistaargo.mmb.cat\/es\/wp-json\/wp\/v2\/media\/6085"}],"wp:attachment":[{"href":"https:\/\/revistaargo.mmb.cat\/es\/wp-json\/wp\/v2\/media?parent=5011"}],"curies":[{"name":"wp","href":"https:\/\/api.w.org\/{rel}","templated":true}]}}