{"id":5029,"date":"2024-11-24T16:50:00","date_gmt":"2024-11-24T16:50:00","guid":{"rendered":"https:\/\/revistaargo.mmb.cat\/que-es-argo\/"},"modified":"2025-12-10T11:01:50","modified_gmt":"2025-12-10T11:01:50","slug":"que-es-argo","status":"publish","type":"page","link":"https:\/\/revistaargo.mmb.cat\/es\/que-es-argo\/","title":{"rendered":"\u00bfQu\u00e9 es ARGO?"},"content":{"rendered":"\t\t<div data-elementor-type=\"wp-page\" data-elementor-id=\"5029\" class=\"elementor elementor-5029 elementor-114\" data-elementor-post-type=\"page\">\n\t\t\t\t<div class=\"elementor-element elementor-element-5e7fd94 e-con-full e-flex e-con e-parent\" data-id=\"5e7fd94\" data-element_type=\"container\" data-e-type=\"container\" data-settings=\"{&quot;background_background&quot;:&quot;classic&quot;}\">\n\t\t\t\t<div class=\"elementor-element elementor-element-5b059fb elementor-widget-divider--view-line_text elementor-widget__width-inherit animated-slow elementor-widget-divider--element-align-center elementor-invisible elementor-widget elementor-widget-divider\" data-id=\"5b059fb\" data-element_type=\"widget\" data-e-type=\"widget\" data-settings=\"{&quot;_animation&quot;:&quot;fadeIn&quot;}\" data-widget_type=\"divider.default\">\n\t\t\t\t<div class=\"elementor-widget-container\">\n\t\t\t\t\t\t\t<div class=\"elementor-divider\">\n\t\t\t<span class=\"elementor-divider-separator\">\n\t\t\t\t\t\t\t<h1 class=\"elementor-divider__text elementor-divider__element\">\n\t\t\t\t\u00bfQu\u00e9 es ARGO?\t\t\t\t<\/h1>\n\t\t\t\t\t\t<\/span>\n\t\t<\/div>\n\t\t\t\t\t\t<\/div>\n\t\t\t\t<\/div>\n\t\t\t\t<\/div>\n\t\t<div class=\"elementor-element elementor-element-b7e0356 e-flex e-con-boxed e-con e-parent\" data-id=\"b7e0356\" data-element_type=\"container\" data-e-type=\"container\" data-settings=\"{&quot;background_background&quot;:&quot;classic&quot;}\">\n\t\t\t\t\t<div class=\"e-con-inner\">\n\t\t\t\t<div class=\"elementor-element elementor-element-e7c654c elementor-invisible elementor-widget elementor-widget-text-editor\" data-id=\"e7c654c\" data-element_type=\"widget\" data-e-type=\"widget\" data-settings=\"{&quot;_animation&quot;:&quot;fadeInUp&quot;}\" data-widget_type=\"text-editor.default\">\n\t\t\t\t<div class=\"elementor-widget-container\">\n\t\t\t\t\t\t\t\t\t<p><em><strong>Argo<\/strong><\/em> es la revista en catal\u00e1n dedicada a la cultura y al patrimonio mar\u00edtimos del Mediterr\u00e1neo, editada por el <strong>Museu Mar\u00edtim de Barcelona<\/strong> . Est\u00e1 dirigida tanto al p\u00fablico general ya los aficionados al mar como a profesionales y expertos que contribuyen a ampliar el conocimiento sobre los temas mar\u00edtimos. La revista tambi\u00e9n act\u00faa como portavoz del sector, divulgando la realidad, la experiencia y las actividades de las distintas redes y asociaciones vinculadas al patrimonio mar\u00edtimo. Incluye dossier monogr\u00e1fico central y secciones fijas, como reportajes, entrevistas, deportes de mar o la restauraci\u00f3n de piezas muse\u00edsticas.   <\/p>\t\t\t\t\t\t\t\t<\/div>\n\t\t\t\t<\/div>\n\t\t\t\t<div class=\"elementor-element elementor-element-73e7f949 elementor-invisible elementor-widget elementor-widget-heading\" data-id=\"73e7f949\" data-element_type=\"widget\" data-e-type=\"widget\" data-settings=\"{&quot;_animation&quot;:&quot;fadeIn&quot;}\" data-widget_type=\"heading.default\">\n\t\t\t\t<div class=\"elementor-widget-container\">\n\t\t\t\t\t<h3 class=\"elementor-heading-title elementor-size-default\">ARGO, la revista dedicada a la cultura y al patrimonio mar\u00edtimos del Mediterr\u00e1neo, editada por el Museu Mar\u00edtim de Barcelona.<\/h3>\t\t\t\t<\/div>\n\t\t\t\t<\/div>\n\t\t\t\t<div class=\"elementor-element elementor-element-3cb2369 elementor-invisible elementor-widget elementor-widget-text-editor\" data-id=\"3cb2369\" data-element_type=\"widget\" data-e-type=\"widget\" data-settings=\"{&quot;_animation&quot;:&quot;fadeInUp&quot;}\" data-widget_type=\"text-editor.default\">\n\t\t\t\t<div class=\"elementor-widget-container\">\n\t\t\t\t\t\t\t\t\t<p><strong><span style=\"font-style: normal !msorm;\"><em>Argo<\/em><\/span><\/strong> se edita con una periodicidad semestral desde junio de 2018 y cumple su segunda \u00e9poca como publicaci\u00f3n especializada en temas mar\u00edtimos. En esta nueva etapa, la revista se mantiene fiel a los objetivos de la primera (2008-2012): articular el territorio en el \u00e1mbito de los museos, del patrimonio y del mundo asociativo en torno a la cultura mar\u00edtima. Desde 2025, <strong><span style=\"font-style: normal !msorm;\"><em>Argo<\/em><\/span><\/strong> es una revista digital y tiene la voluntad de llegar a lectores y lectoras de todo el mundo, rompiendo barreras idiom\u00e1ticas y geogr\u00e1ficas, y reduciendo el impacto ambiental.  <\/p>\t\t\t\t\t\t\t\t<\/div>\n\t\t\t\t<\/div>\n\t\t\t\t\t<\/div>\n\t\t\t\t<\/div>\n\t\t\t\t<\/div>\n\t\t","protected":false},"excerpt":{"rendered":"<p>\u00bfQu\u00e9 es ARGO? Argo es la revista en catal\u00e1n dedicada a la cultura y al patrimonio mar\u00edtimos del Mediterr\u00e1neo, editada por el Museu Mar\u00edtim de Barcelona . Est\u00e1 dirigida tanto al p\u00fablico general ya los aficionados al mar como a profesionales y expertos que contribuyen a ampliar el conocimiento sobre los temas mar\u00edtimos. La revista &#8230; <a title=\"\u00bfQu\u00e9 es ARGO?\" class=\"read-more\" href=\"https:\/\/revistaargo.mmb.cat\/es\/que-es-argo\/\" aria-label=\"Leer m\u00e1s sobre \u00bfQu\u00e9 es ARGO?\">Leer m\u00e1s<\/a><\/p>\n","protected":false},"author":1,"featured_media":6085,"parent":0,"menu_order":0,"comment_status":"closed","ping_status":"closed","template":"elementor_header_footer","meta":{"_acf_changed":false,"ngg_post_thumbnail":0,"footnotes":""},"class_list":["post-5029","page","type-page","status-publish","has-post-thumbnail"],"acf":[],"_links":{"self":[{"href":"https:\/\/revistaargo.mmb.cat\/es\/wp-json\/wp\/v2\/pages\/5029","targetHints":{"allow":["GET"]}}],"collection":[{"href":"https:\/\/revistaargo.mmb.cat\/es\/wp-json\/wp\/v2\/pages"}],"about":[{"href":"https:\/\/revistaargo.mmb.cat\/es\/wp-json\/wp\/v2\/types\/page"}],"author":[{"embeddable":true,"href":"https:\/\/revistaargo.mmb.cat\/es\/wp-json\/wp\/v2\/users\/1"}],"replies":[{"embeddable":true,"href":"https:\/\/revistaargo.mmb.cat\/es\/wp-json\/wp\/v2\/comments?post=5029"}],"version-history":[{"count":2,"href":"https:\/\/revistaargo.mmb.cat\/es\/wp-json\/wp\/v2\/pages\/5029\/revisions"}],"predecessor-version":[{"id":6105,"href":"https:\/\/revistaargo.mmb.cat\/es\/wp-json\/wp\/v2\/pages\/5029\/revisions\/6105"}],"wp:featuredmedia":[{"embeddable":true,"href":"https:\/\/revistaargo.mmb.cat\/es\/wp-json\/wp\/v2\/media\/6085"}],"wp:attachment":[{"href":"https:\/\/revistaargo.mmb.cat\/es\/wp-json\/wp\/v2\/media?parent=5029"}],"curies":[{"name":"wp","href":"https:\/\/api.w.org\/{rel}","templated":true}]}}