{"id":5015,"date":"2024-11-24T19:31:12","date_gmt":"2024-11-24T19:31:12","guid":{"rendered":"https:\/\/revistaargo.mmb.cat\/equipe\/"},"modified":"2025-12-10T11:01:49","modified_gmt":"2025-12-10T11:01:49","slug":"equipe","status":"publish","type":"page","link":"https:\/\/revistaargo.mmb.cat\/fr\/equipe\/","title":{"rendered":"\u00c9quipe"},"content":{"rendered":"\t\t<div data-elementor-type=\"wp-page\" data-elementor-id=\"5015\" class=\"elementor elementor-5015 elementor-308\" data-elementor-post-type=\"page\">\n\t\t\t\t<div class=\"elementor-element elementor-element-3c5a645 e-con-full e-flex e-con e-parent\" data-id=\"3c5a645\" data-element_type=\"container\" data-e-type=\"container\" data-settings=\"{&quot;background_background&quot;:&quot;classic&quot;}\">\n\t\t\t\t<div class=\"elementor-element elementor-element-43840eb elementor-widget-divider--view-line_text elementor-widget__width-inherit animated-slow elementor-widget-divider--element-align-center elementor-invisible elementor-widget elementor-widget-divider\" data-id=\"43840eb\" data-element_type=\"widget\" data-e-type=\"widget\" data-settings=\"{&quot;_animation&quot;:&quot;fadeIn&quot;}\" data-widget_type=\"divider.default\">\n\t\t\t\t<div class=\"elementor-widget-container\">\n\t\t\t\t\t\t\t<div class=\"elementor-divider\">\n\t\t\t<span class=\"elementor-divider-separator\">\n\t\t\t\t\t\t\t<h1 class=\"elementor-divider__text elementor-divider__element\">\n\t\t\t\t\u00c9quipe\t\t\t\t<\/h1>\n\t\t\t\t\t\t<\/span>\n\t\t<\/div>\n\t\t\t\t\t\t<\/div>\n\t\t\t\t<\/div>\n\t\t\t\t<\/div>\n\t\t<div class=\"elementor-element elementor-element-071e58d e-flex e-con-boxed e-con e-parent\" data-id=\"071e58d\" data-element_type=\"container\" data-e-type=\"container\" data-settings=\"{&quot;background_background&quot;:&quot;classic&quot;,&quot;animation&quot;:&quot;none&quot;}\">\n\t\t\t\t\t<div class=\"e-con-inner\">\n\t\t\t\t<div class=\"elementor-element elementor-element-572a93c elementor-invisible elementor-widget elementor-widget-image\" data-id=\"572a93c\" data-element_type=\"widget\" data-e-type=\"widget\" data-settings=\"{&quot;_animation&quot;:&quot;zoomIn&quot;}\" data-widget_type=\"image.default\">\n\t\t\t\t<div class=\"elementor-widget-container\">\n\t\t\t\t\t\t\t\t\t\t\t\t\t\t\t\t<a href=\"http:\/\/www.mmb.cat\" target=\"_blank\" rel=\"nofollow noopener\">\n\t\t\t\t\t\t\t<img decoding=\"async\" width=\"300\" height=\"47\" src=\"https:\/\/revistaargo.mmb.cat\/wp-content\/uploads\/2024\/12\/logo_mmb-300x47.png\" class=\"attachment-medium size-medium wp-image-986\" alt=\"\" srcset=\"https:\/\/revistaargo.mmb.cat\/wp-content\/uploads\/2024\/12\/logo_mmb-300x47.png 300w, https:\/\/revistaargo.mmb.cat\/wp-content\/uploads\/2024\/12\/logo_mmb-768x120.png 768w, https:\/\/revistaargo.mmb.cat\/wp-content\/uploads\/2024\/12\/logo_mmb.png 1024w\" sizes=\"(max-width: 300px) 100vw, 300px\" \/>\t\t\t\t\t\t\t\t<\/a>\n\t\t\t\t\t\t\t\t\t\t\t\t\t\t\t<\/div>\n\t\t\t\t<\/div>\n\t\t\t\t<div class=\"elementor-element elementor-element-dfc4d12 elementor-invisible elementor-widget elementor-widget-text-editor\" data-id=\"dfc4d12\" data-element_type=\"widget\" data-e-type=\"widget\" data-settings=\"{&quot;_animation&quot;:&quot;fadeInUp&quot;}\" data-widget_type=\"text-editor.default\">\n\t\t\t\t<div class=\"elementor-widget-container\">\n\t\t\t\t\t\t\t\t\t<p><strong>Comit\u00e9 de r\u00e9daction :<\/strong> Enric Garcia, Silvia Dahl, Gemma Figueras et Jordi Garriga<\/p><p><strong>Mise en sc\u00e8ne :<\/strong> Enric Garcia<\/p><p><strong>Coordination :<\/strong> Silvia Dahl et Jordi Garriga<\/p><p><b>\u00c9dition<\/b> : Gemma Figueras et Jordi Garriga<\/p><p><b>Conception originale<\/b> : Mus\u00e9e maritime de Barcelone et IDA R\u00e9seautage sur les m\u00e9dias sociaux<\/p><p><b>Contenu<\/b> : \u00c9quipement num\u00e9rique Abacus<\/p><p><b>D\u00e9veloppement Web<\/b> : R\u00e9seautage sur les m\u00e9dias sociaux IDA<\/p><p><b>Publicit\u00e9<\/b> : <a href=\"mailto:revistaargo@mmb.cat\" target=\"_blank\" rel=\"nofollow noopener\">revistaargo@mmb.cat<\/a><\/p>\t\t\t\t\t\t\t\t<\/div>\n\t\t\t\t<\/div>\n\t\t\t\t<div class=\"elementor-element elementor-element-2b728b9 elementor-invisible elementor-widget elementor-widget-text-editor\" data-id=\"2b728b9\" data-element_type=\"widget\" data-e-type=\"widget\" data-settings=\"{&quot;_animation&quot;:&quot;zoomIn&quot;}\" data-widget_type=\"text-editor.default\">\n\t\t\t\t<div class=\"elementor-widget-container\">\n\t\t\t\t\t\t\t\t\t<p>D\u00e9p\u00f4t l\u00e9gal : B-32151-2008<br> ISSN : 2013-0961<\/p>\t\t\t\t\t\t\t\t<\/div>\n\t\t\t\t<\/div>\n\t\t\t\t\t<\/div>\n\t\t\t\t<\/div>\n\t\t\t\t<\/div>\n\t\t","protected":false},"excerpt":{"rendered":"<p>\u00c9quipe Comit\u00e9 de r\u00e9daction : Enric Garcia, Silvia Dahl, Gemma Figueras et Jordi Garriga Mise en sc\u00e8ne : Enric Garcia Coordination : Silvia Dahl et Jordi Garriga \u00c9dition : Gemma Figueras et Jordi Garriga Conception originale : Mus\u00e9e maritime de Barcelone et IDA R\u00e9seautage sur les m\u00e9dias sociaux Contenu : \u00c9quipement num\u00e9rique Abacus D\u00e9veloppement Web &#8230; <a title=\"\u00c9quipe\" class=\"read-more\" href=\"https:\/\/revistaargo.mmb.cat\/fr\/equipe\/\" aria-label=\"En savoir plus sur \u00c9quipe\">Lire la suite<\/a><\/p>\n","protected":false},"author":1,"featured_media":6086,"parent":0,"menu_order":0,"comment_status":"closed","ping_status":"closed","template":"elementor_header_footer","meta":{"_acf_changed":false,"ngg_post_thumbnail":0,"footnotes":""},"class_list":["post-5015","page","type-page","status-publish","has-post-thumbnail"],"acf":[],"_links":{"self":[{"href":"https:\/\/revistaargo.mmb.cat\/fr\/wp-json\/wp\/v2\/pages\/5015","targetHints":{"allow":["GET"]}}],"collection":[{"href":"https:\/\/revistaargo.mmb.cat\/fr\/wp-json\/wp\/v2\/pages"}],"about":[{"href":"https:\/\/revistaargo.mmb.cat\/fr\/wp-json\/wp\/v2\/types\/page"}],"author":[{"embeddable":true,"href":"https:\/\/revistaargo.mmb.cat\/fr\/wp-json\/wp\/v2\/users\/1"}],"replies":[{"embeddable":true,"href":"https:\/\/revistaargo.mmb.cat\/fr\/wp-json\/wp\/v2\/comments?post=5015"}],"version-history":[{"count":7,"href":"https:\/\/revistaargo.mmb.cat\/fr\/wp-json\/wp\/v2\/pages\/5015\/revisions"}],"predecessor-version":[{"id":6382,"href":"https:\/\/revistaargo.mmb.cat\/fr\/wp-json\/wp\/v2\/pages\/5015\/revisions\/6382"}],"wp:featuredmedia":[{"embeddable":true,"href":"https:\/\/revistaargo.mmb.cat\/fr\/wp-json\/wp\/v2\/media\/6086"}],"wp:attachment":[{"href":"https:\/\/revistaargo.mmb.cat\/fr\/wp-json\/wp\/v2\/media?parent=5015"}],"curies":[{"name":"wp","href":"https:\/\/api.w.org\/{rel}","templated":true}]}}