{"id":5033,"date":"2024-11-24T16:50:00","date_gmt":"2024-11-24T16:50:00","guid":{"rendered":"https:\/\/revistaargo.mmb.cat\/qu-est-ce-qu-argo\/"},"modified":"2025-12-10T11:01:50","modified_gmt":"2025-12-10T11:01:50","slug":"qu-est-ce-qu-argo","status":"publish","type":"page","link":"https:\/\/revistaargo.mmb.cat\/fr\/qu-est-ce-qu-argo\/","title":{"rendered":"Qu&#8217;est-ce qu&#8217;Argo ?"},"content":{"rendered":"\t\t<div data-elementor-type=\"wp-page\" data-elementor-id=\"5033\" class=\"elementor elementor-5033 elementor-114\" data-elementor-post-type=\"page\">\n\t\t\t\t<div class=\"elementor-element elementor-element-5e7fd94 e-con-full e-flex e-con e-parent\" data-id=\"5e7fd94\" data-element_type=\"container\" data-e-type=\"container\" data-settings=\"{&quot;background_background&quot;:&quot;classic&quot;}\">\n\t\t\t\t<div class=\"elementor-element elementor-element-5b059fb elementor-widget-divider--view-line_text elementor-widget__width-inherit animated-slow elementor-widget-divider--element-align-center elementor-invisible elementor-widget elementor-widget-divider\" data-id=\"5b059fb\" data-element_type=\"widget\" data-e-type=\"widget\" data-settings=\"{&quot;_animation&quot;:&quot;fadeIn&quot;}\" data-widget_type=\"divider.default\">\n\t\t\t\t<div class=\"elementor-widget-container\">\n\t\t\t\t\t\t\t<div class=\"elementor-divider\">\n\t\t\t<span class=\"elementor-divider-separator\">\n\t\t\t\t\t\t\t<h1 class=\"elementor-divider__text elementor-divider__element\">\n\t\t\t\tQu'est-ce qu'ARGO ?\t\t\t\t<\/h1>\n\t\t\t\t\t\t<\/span>\n\t\t<\/div>\n\t\t\t\t\t\t<\/div>\n\t\t\t\t<\/div>\n\t\t\t\t<\/div>\n\t\t<div class=\"elementor-element elementor-element-b7e0356 e-flex e-con-boxed e-con e-parent\" data-id=\"b7e0356\" data-element_type=\"container\" data-e-type=\"container\" data-settings=\"{&quot;background_background&quot;:&quot;classic&quot;}\">\n\t\t\t\t\t<div class=\"e-con-inner\">\n\t\t\t\t<div class=\"elementor-element elementor-element-e7c654c elementor-invisible elementor-widget elementor-widget-text-editor\" data-id=\"e7c654c\" data-element_type=\"widget\" data-e-type=\"widget\" data-settings=\"{&quot;_animation&quot;:&quot;fadeInUp&quot;}\" data-widget_type=\"text-editor.default\">\n\t\t\t\t<div class=\"elementor-widget-container\">\n\t\t\t\t\t\t\t\t\t<p><em><strong>Argo<\/strong><\/em> est le magazine catalan consacr\u00e9 \u00e0 la culture et au patrimoine maritime de la M\u00e9diterran\u00e9e, publi\u00e9 par le <strong>Mus\u00e9e maritime de Barcelone<\/strong> . Il s&#8217;adresse aussi bien au grand public et aux passionn\u00e9s du monde maritime qu&#8217;aux professionnels et experts qui contribuent \u00e0 l&#8217;enrichissement des connaissances sur les questions maritimes. Le magazine se fait \u00e9galement le porte-parole du secteur, diffusant la r\u00e9alit\u00e9, l&#8217;expertise et les activit\u00e9s des diff\u00e9rents r\u00e9seaux et associations li\u00e9s au patrimoine maritime. Il comprend un dossier monographique central et des rubriques fixes, telles que des reportages, des interviews, des articles sur les sports nautiques ou la restauration d&#8217;\u0153uvres de mus\u00e9e.   <\/p>\t\t\t\t\t\t\t\t<\/div>\n\t\t\t\t<\/div>\n\t\t\t\t<div class=\"elementor-element elementor-element-73e7f949 elementor-invisible elementor-widget elementor-widget-heading\" data-id=\"73e7f949\" data-element_type=\"widget\" data-e-type=\"widget\" data-settings=\"{&quot;_animation&quot;:&quot;fadeIn&quot;}\" data-widget_type=\"heading.default\">\n\t\t\t\t<div class=\"elementor-widget-container\">\n\t\t\t\t\t<h3 class=\"elementor-heading-title elementor-size-default\">ARGO, le magazine consacr\u00e9 \u00e0 la culture et au patrimoine maritime de la M\u00e9diterran\u00e9e, publi\u00e9 par le Mus\u00e9e maritime de Barcelone.<\/h3>\t\t\t\t<\/div>\n\t\t\t\t<\/div>\n\t\t\t\t<div class=\"elementor-element elementor-element-3cb2369 elementor-invisible elementor-widget elementor-widget-text-editor\" data-id=\"3cb2369\" data-element_type=\"widget\" data-e-type=\"widget\" data-settings=\"{&quot;_animation&quot;:&quot;fadeInUp&quot;}\" data-widget_type=\"text-editor.default\">\n\t\t\t\t<div class=\"elementor-widget-container\">\n\t\t\t\t\t\t\t\t\t<p><strong><span style=\"font-style: normal !msorm;\"><em>Argo<\/em><\/span><\/strong> para\u00eet tous les deux ans depuis juin 2018 et entame sa deuxi\u00e8me p\u00e9riode en tant que publication sp\u00e9cialis\u00e9e dans les questions maritimes. Dans cette nouvelle phase, le magazine reste fid\u00e8le aux objectifs de sa premi\u00e8re p\u00e9riode (2008-2012)&nbsp;: structurer le territoire dans le domaine des mus\u00e9es, du patrimoine et du monde associatif autour de la culture maritime. Depuis 2025, <strong><span style=\"font-style: normal !msorm;\"><em>Argo<\/em><\/span><\/strong> est un magazine num\u00e9rique qui vise \u00e0 toucher un lectorat international, en s\u2019affranchissant des barri\u00e8res linguistiques et g\u00e9ographiques et en r\u00e9duisant son impact environnemental.  <\/p>\t\t\t\t\t\t\t\t<\/div>\n\t\t\t\t<\/div>\n\t\t\t\t\t<\/div>\n\t\t\t\t<\/div>\n\t\t\t\t<\/div>\n\t\t","protected":false},"excerpt":{"rendered":"<p>Qu&#8217;est-ce qu&#8217;ARGO ? Argo est le magazine catalan consacr\u00e9 \u00e0 la culture et au patrimoine maritime de la M\u00e9diterran\u00e9e, publi\u00e9 par le Mus\u00e9e maritime de Barcelone . Il s&#8217;adresse aussi bien au grand public et aux passionn\u00e9s du monde maritime qu&#8217;aux professionnels et experts qui contribuent \u00e0 l&#8217;enrichissement des connaissances sur les questions maritimes. Le &#8230; <a title=\"Qu&#8217;est-ce qu&#8217;Argo ?\" class=\"read-more\" href=\"https:\/\/revistaargo.mmb.cat\/fr\/qu-est-ce-qu-argo\/\" aria-label=\"En savoir plus sur Qu&#8217;est-ce qu&#8217;Argo ?\">Lire la suite<\/a><\/p>\n","protected":false},"author":1,"featured_media":6086,"parent":0,"menu_order":0,"comment_status":"closed","ping_status":"closed","template":"elementor_header_footer","meta":{"_acf_changed":false,"ngg_post_thumbnail":0,"footnotes":""},"class_list":["post-5033","page","type-page","status-publish","has-post-thumbnail"],"acf":[],"_links":{"self":[{"href":"https:\/\/revistaargo.mmb.cat\/fr\/wp-json\/wp\/v2\/pages\/5033","targetHints":{"allow":["GET"]}}],"collection":[{"href":"https:\/\/revistaargo.mmb.cat\/fr\/wp-json\/wp\/v2\/pages"}],"about":[{"href":"https:\/\/revistaargo.mmb.cat\/fr\/wp-json\/wp\/v2\/types\/page"}],"author":[{"embeddable":true,"href":"https:\/\/revistaargo.mmb.cat\/fr\/wp-json\/wp\/v2\/users\/1"}],"replies":[{"embeddable":true,"href":"https:\/\/revistaargo.mmb.cat\/fr\/wp-json\/wp\/v2\/comments?post=5033"}],"version-history":[{"count":4,"href":"https:\/\/revistaargo.mmb.cat\/fr\/wp-json\/wp\/v2\/pages\/5033\/revisions"}],"predecessor-version":[{"id":6379,"href":"https:\/\/revistaargo.mmb.cat\/fr\/wp-json\/wp\/v2\/pages\/5033\/revisions\/6379"}],"wp:featuredmedia":[{"embeddable":true,"href":"https:\/\/revistaargo.mmb.cat\/fr\/wp-json\/wp\/v2\/media\/6086"}],"wp:attachment":[{"href":"https:\/\/revistaargo.mmb.cat\/fr\/wp-json\/wp\/v2\/media?parent=5033"}],"curies":[{"name":"wp","href":"https:\/\/api.w.org\/{rel}","templated":true}]}}